{"id":18653,"date":"2020-08-11T08:20:26","date_gmt":"2020-08-11T06:20:26","guid":{"rendered":"https:\/\/www.martinusschule.de\/wordpress\/?page_id=18653"},"modified":"2025-05-05T19:05:36","modified_gmt":"2025-05-05T17:05:36","slug":"paedagogisches-team","status":"publish","type":"page","link":"https:\/\/www.martinusschule.de\/wordpress\/ogs\/paedagogisches-team\/","title":{"rendered":"P\u00e4dagogisches Team >"},"content":{"rendered":"<p><strong>Unser p\u00e4dagogisches Team<\/strong><\/p>\n<p><em>\u00a0<\/em><\/p>\n<p><em>\u00a0<\/em><\/p>\n<p><em>f\u00fcr die OGS-Kinder 1. Schuljahr:<\/em><\/p>\n<p>Frau Bruns und Frau Hanke<\/p>\n<p><em>f\u00fcr die OGS-Kinder 2. Schuljahr:<\/em><\/p>\n<p>Frau Mies, Frau Serrano und Frau Gundt<\/p>\n<p><em>f\u00fcr die OGS-Kinder 3. Schuljahr:<\/em><\/p>\n<p>Frau Budzynowski und Frau Hayar und Frau Schievenbusch<\/p>\n<p><em>f\u00fcr die OGS-Kinder 4. Schuljahr:<\/em><\/p>\n<p>Frau J\u00fclichmann und Frau Spix<\/p>\n<p><em>Unsere K\u00fcchenkraft<\/em><\/p>\n<p>\u00ad\u00ad\u00ad\u00ad\u00ad\u00adHerr Matern<\/p>\n<p>&nbsp;<\/p>\n<p><img loading=\"lazy\" decoding=\"async\" class=\"aligncenter wp-image-28078\" src=\"https:\/\/www.martinusschule.de\/wordpress\/wp-content\/uploads\/2024\/07\/Team-2024-2025.jpg\" alt=\"\" width=\"935\" height=\"651\" srcset=\"https:\/\/www.martinusschule.de\/wordpress\/wp-content\/uploads\/2024\/07\/Team-2024-2025.jpg 1222w, https:\/\/www.martinusschule.de\/wordpress\/wp-content\/uploads\/2024\/07\/Team-2024-2025-300x209.jpg 300w, https:\/\/www.martinusschule.de\/wordpress\/wp-content\/uploads\/2024\/07\/Team-2024-2025-1024x713.jpg 1024w, https:\/\/www.martinusschule.de\/wordpress\/wp-content\/uploads\/2024\/07\/Team-2024-2025-768x535.jpg 768w, https:\/\/www.martinusschule.de\/wordpress\/wp-content\/uploads\/2024\/07\/Team-2024-2025-624x435.jpg 624w\" sizes=\"auto, (max-width: 935px) 100vw, 935px\" \/><\/p>\n","protected":false},"excerpt":{"rendered":"<p>Unser p\u00e4dagogisches Team \u00a0 \u00a0 f\u00fcr die OGS-Kinder 1. Schuljahr: Frau Bruns und Frau Hanke f\u00fcr die OGS-Kinder 2. Schuljahr: Frau Mies, Frau Serrano und Frau Gundt f\u00fcr die OGS-Kinder 3. Schuljahr: Frau Budzynowski und Frau Hayar und Frau Schievenbusch f\u00fcr die OGS-Kinder 4. Schuljahr: Frau J\u00fclichmann und Frau Spix Unsere K\u00fcchenkraft \u00ad\u00ad\u00ad\u00ad\u00ad\u00adHerr Matern &nbsp;<\/p>\n","protected":false},"author":1,"featured_media":0,"parent":18650,"menu_order":1,"comment_status":"closed","ping_status":"closed","template":"","meta":{"footnotes":""},"class_list":["post-18653","page","type-page","status-publish","hentry"],"_links":{"self":[{"href":"https:\/\/www.martinusschule.de\/wordpress\/wp-json\/wp\/v2\/pages\/18653","targetHints":{"allow":["GET"]}}],"collection":[{"href":"https:\/\/www.martinusschule.de\/wordpress\/wp-json\/wp\/v2\/pages"}],"about":[{"href":"https:\/\/www.martinusschule.de\/wordpress\/wp-json\/wp\/v2\/types\/page"}],"author":[{"embeddable":true,"href":"https:\/\/www.martinusschule.de\/wordpress\/wp-json\/wp\/v2\/users\/1"}],"replies":[{"embeddable":true,"href":"https:\/\/www.martinusschule.de\/wordpress\/wp-json\/wp\/v2\/comments?post=18653"}],"version-history":[{"count":7,"href":"https:\/\/www.martinusschule.de\/wordpress\/wp-json\/wp\/v2\/pages\/18653\/revisions"}],"predecessor-version":[{"id":30572,"href":"https:\/\/www.martinusschule.de\/wordpress\/wp-json\/wp\/v2\/pages\/18653\/revisions\/30572"}],"up":[{"embeddable":true,"href":"https:\/\/www.martinusschule.de\/wordpress\/wp-json\/wp\/v2\/pages\/18650"}],"wp:attachment":[{"href":"https:\/\/www.martinusschule.de\/wordpress\/wp-json\/wp\/v2\/media?parent=18653"}],"curies":[{"name":"wp","href":"https:\/\/api.w.org\/{rel}","templated":true}]}}