{"id":28950,"date":"2024-12-12T00:07:05","date_gmt":"2024-12-11T22:07:05","guid":{"rendered":"https:\/\/www.martinusschule.de\/wordpress\/?page_id=28950"},"modified":"2026-01-31T19:24:00","modified_gmt":"2026-01-31T17:24:00","slug":"rund-ums-lesen","status":"publish","type":"page","link":"https:\/\/www.martinusschule.de\/wordpress\/schulkonzept\/unterrichtskonzept\/foerderung-und-unterstuetzung\/rund-ums-lesen\/","title":{"rendered":"Rund ums Lesen>"},"content":{"rendered":"<p><strong>Lesen \u00f6ffnet T\u00fcren zu neuen Welten \u2013 Die Bedeutung des Lesens und unsere F\u00f6rderangebote<\/strong><\/p>\n<p>Lesen ist der Schl\u00fcssel zur Welt. Ob spannende Abenteuer, lustige Geschichten oder informative Sachtexte \u2013 durch das Lesen entwickeln Kinder nicht nur ihre Sprachkompetenz und ihr Wissen, sondern auch ihre Vorstellungskraft und Kreativit\u00e4t. Ein gutes Buch kann sie in ferne L\u00e4nder entf\u00fchren, mit Helden mitfiebern lassen oder neue Perspektiven auf die Welt er\u00f6ffnen. Gleichzeitig ist Lesekompetenz eine wichtige Grundlage f\u00fcr den schulischen und beruflichen Erfolg sowie f\u00fcr die aktive Teilhabe am gesellschaftlichen Leben.<\/p>\n<p>Damit die Freude am Lesen wachsen kann, f\u00f6rdern wir an unserer Schule die Leselust mit verschiedenen unterrichtlichen Ma\u00dfnahmen und schulischen Angeboten:<\/p>\n<h4><strong>Im Unterricht:\u00a0<\/strong><\/h4>\n<ul>\n<li>dreimal in der Woche im Stundenplan ausgewiesene, zwanzigmin\u00fctige Lesephasen mit zum Beispiel folgenden Inhalten:\n<ul>\n<li><strong>Tandem-Lesen <\/strong>(kooperative Lesemethode, bei der zwei Kinder <strong>abwechselnd<\/strong> einen Text laut lesen, wobei der &#8222;Trainer&#8220; das lesende Kind unterst\u00fctzt, um Lesefl\u00fcssigkeit und Verst\u00e4ndnis zu f\u00f6rdern)<\/li>\n<li><strong>Karaoke-Lesen<\/strong> (chorisches Lesen)<\/li>\n<li><strong>LeOn &#8211; Plattform <\/strong>(Bildungsportal NRW)<\/li>\n<li><strong>Lesen in Lieblingsb\u00fcchern<\/strong> mit Gespr\u00e4chen \/ kreativen Arbeiten<\/li>\n<li><strong>Lesespur <\/strong>(interaktive Lesemethode, bei der die Kinder durch das Lesen von Texten in einer vorgegebenen Reihenfolge eine Geschichte erkunden und dabei R\u00e4tsel l\u00f6sen oder Entscheidungen treffen m\u00fcssen)<\/li>\n<\/ul>\n<\/li>\n<\/ul>\n<div id=\"attachment_31528\" style=\"width: 310px\" class=\"wp-caption aligncenter\"><img loading=\"lazy\" decoding=\"async\" aria-describedby=\"caption-attachment-31528\" class=\"wp-image-31528 size-medium\" src=\"https:\/\/www.martinusschule.de\/wordpress\/wp-content\/uploads\/2025\/12\/20251205_081749-300x300.jpg\" alt=\"\" width=\"300\" height=\"300\" srcset=\"https:\/\/www.martinusschule.de\/wordpress\/wp-content\/uploads\/2025\/12\/20251205_081749-300x300.jpg 300w, https:\/\/www.martinusschule.de\/wordpress\/wp-content\/uploads\/2025\/12\/20251205_081749-1022x1024.jpg 1022w, https:\/\/www.martinusschule.de\/wordpress\/wp-content\/uploads\/2025\/12\/20251205_081749-150x150.jpg 150w, https:\/\/www.martinusschule.de\/wordpress\/wp-content\/uploads\/2025\/12\/20251205_081749-768x769.jpg 768w, https:\/\/www.martinusschule.de\/wordpress\/wp-content\/uploads\/2025\/12\/20251205_081749-624x625.jpg 624w, https:\/\/www.martinusschule.de\/wordpress\/wp-content\/uploads\/2025\/12\/20251205_081749.jpg 1048w\" sizes=\"auto, (max-width: 300px) 100vw, 300px\" \/><p id=\"caption-attachment-31528\" class=\"wp-caption-text\">Tandem-Lesen (Klasse 2a und 4a)<\/p><\/div>\n<h4><strong>Im Schulleben:<\/strong><\/h4>\n<ul>\n<li><a href=\"https:\/\/www.martinusschule.de\/wordpress\/schulkonzept\/unterrichtskonzept\/foerderung-und-unterstuetzung\/rund-ums-lesen\/schulbuecherei\/\"><strong>Unsere Schulb\u00fcchere<\/strong><strong>i<\/strong><\/a><br \/>\nDie Schulb\u00fccherei ist ein Ort, an dem Kinder in Ruhe st\u00f6bern, schm\u00f6kern und ihre Lieblingsb\u00fccher ausleihen k\u00f6nnen. Hier finden sich B\u00fccher f\u00fcr alle Interessen: spannende Krimis, fantastische Geschichten, lustige Bilderb\u00fccher und auch Sachb\u00fccher, die neugierige K\u00f6pfe begeistern. Frau Verbocket leitet die B\u00fccherei, viele Eltern helfen bei der Ausleihe.<\/li>\n<li><a href=\"https:\/\/www.martinusschule.de\/wordpress\/schulkonzept\/unterrichtskonzept\/foerderung-und-unterstuetzung\/rund-ums-lesen\/lieblingsbuecher\/\"><strong>Schaukasten mit Lieblingsb\u00fcchern<\/strong><\/a><br \/>\nIm Eingangsbereich unserer Schule haben wir einen besonderen Schaukasten eingerichtet: Hier pr\u00e4sentieren Kinder regelm\u00e4\u00dfig ihre Lieblingsb\u00fccher. Mit kleinen Steckbriefen und kreativen Buchgestaltungen empfehlen sie ihren Mitsch\u00fclerinnen und Mitsch\u00fclern die spannendsten Geschichten. Diese Buch-Tipps aus Kinderhand machen neugierig und motivieren zum Lesen.<\/li>\n<li><strong><a href=\"https:\/\/www.martinusschule.de\/wordpress\/schulkonzept\/unterrichtskonzept\/foerderung-und-unterstuetzung\/rund-ums-lesen\/lesetag\/\">Lesetag<\/a><\/strong> einmal im Jahr (mit Autorenlesungen)<\/li>\n<\/ul>\n<p>Lesen soll Spa\u00df machen und die Fantasie anregen \u2013 das ist unser Ziel! Wir laden alle Kinder ein, die Welt der B\u00fccher zu entdecken und sich von den vielen Abenteuern in ihrer Fantasie verzaubern zu lassen. Gleichzeitig freuen wir uns \u00fcber die Unterst\u00fctzung der Eltern, indem sie gemeinsam mit ihren Kindern lesen oder den regelm\u00e4\u00dfigen Besuch der B\u00fccherei f\u00f6rdern.<\/p>\n<p>Gemeinsam machen wir Lesen zu einem Abenteuer, das Kinder nachhaltig begeistert und auf ihr Leben vorbereitet.<\/p>\n","protected":false},"excerpt":{"rendered":"<p>Lesen \u00f6ffnet T\u00fcren zu neuen Welten \u2013 Die Bedeutung des Lesens und unsere F\u00f6rderangebote Lesen ist der Schl\u00fcssel zur Welt. Ob spannende Abenteuer, lustige Geschichten oder informative Sachtexte \u2013 durch das Lesen entwickeln Kinder nicht nur ihre Sprachkompetenz und ihr Wissen, sondern auch ihre Vorstellungskraft und Kreativit\u00e4t. Ein gutes Buch kann sie in ferne L\u00e4nder [&hellip;]<\/p>\n","protected":false},"author":6,"featured_media":0,"parent":29819,"menu_order":2,"comment_status":"closed","ping_status":"closed","template":"","meta":{"footnotes":""},"class_list":["post-28950","page","type-page","status-publish","hentry"],"_links":{"self":[{"href":"https:\/\/www.martinusschule.de\/wordpress\/wp-json\/wp\/v2\/pages\/28950","targetHints":{"allow":["GET"]}}],"collection":[{"href":"https:\/\/www.martinusschule.de\/wordpress\/wp-json\/wp\/v2\/pages"}],"about":[{"href":"https:\/\/www.martinusschule.de\/wordpress\/wp-json\/wp\/v2\/types\/page"}],"author":[{"embeddable":true,"href":"https:\/\/www.martinusschule.de\/wordpress\/wp-json\/wp\/v2\/users\/6"}],"replies":[{"embeddable":true,"href":"https:\/\/www.martinusschule.de\/wordpress\/wp-json\/wp\/v2\/comments?post=28950"}],"version-history":[{"count":26,"href":"https:\/\/www.martinusschule.de\/wordpress\/wp-json\/wp\/v2\/pages\/28950\/revisions"}],"predecessor-version":[{"id":31703,"href":"https:\/\/www.martinusschule.de\/wordpress\/wp-json\/wp\/v2\/pages\/28950\/revisions\/31703"}],"up":[{"embeddable":true,"href":"https:\/\/www.martinusschule.de\/wordpress\/wp-json\/wp\/v2\/pages\/29819"}],"wp:attachment":[{"href":"https:\/\/www.martinusschule.de\/wordpress\/wp-json\/wp\/v2\/media?parent=28950"}],"curies":[{"name":"wp","href":"https:\/\/api.w.org\/{rel}","templated":true}]}}